{"id":37457,"date":"2026-02-17T18:06:27","date_gmt":"2026-02-17T17:06:27","guid":{"rendered":"https:\/\/mimaxlighting.com\/?page_id=37457"},"modified":"2026-02-20T10:54:14","modified_gmt":"2026-02-20T09:54:14","slug":"legal-notice","status":"publish","type":"page","link":"https:\/\/mimaxlighting.com\/en\/legal-notice\/","title":{"rendered":"Legal Notice"},"content":{"rendered":"<section class=\"bde-section-37457-100 bde-section\">\n  \n  \n\t\n\n\n\n<div class=\"section-container\"><div class=\"bde-div-37457-101 bde-div\">\n  \n  \n\t\n\n\n\n<h1 class=\"bde-heading-37457-102 bde-heading\">\nLegal Notice\n<\/h1>\n<\/div><\/div>\n<\/section><section class=\"bde-section-37457-103 bde-section\">\n  \n  \n\t\n\n\n\n<div class=\"section-container\"><div class=\"bde-rich-text-37457-104 bde-rich-text breakdance-rich-text-styles\">\n<div class=\"prose dark:prose-invert inline leading-relaxed break-words min-w-0 [word-break:break-word] prose-strong:font-bold [&amp;_&gt;*:first-child]:mt-0 [&amp;_&gt;*:last-child]:mb-0\"><h2 id=\"1-identidad-del-responsable\" class=\"mb-2 mt-4 [.has-inline-images_&amp;]:clear-end font-editorial font-bold text-lg first:mt-0 md:text-lg [hr+&amp;]:mt-4\">1. Identidad del responsable<\/h2><p class=\"my-2 [&amp;+p]:mt-4 [&amp;_strong:has(+br)]:inline-block [&amp;_strong:has(+br)]:pb-2\">En cumplimiento con el deber de informaci\u00f3n recogido en la Ley 34\/2002, de 11 de julio, de Servicios de la Sociedad de la Informaci\u00f3n y del Comercio Electr\u00f3nico (LSSI-CE), se facilitan a continuaci\u00f3n los datos de informaci\u00f3n general de este sitio web:<\/p><ul class=\"marker:text-quiet list-disc\"><li class=\"py-0 my-0 prose-p:pt-0 prose-p:mb-2 prose-p:my-0 [&amp;&gt;p]:pt-0 [&amp;&gt;p]:mb-2 [&amp;&gt;p]:my-0\"><p class=\"my-2 [&amp;+p]:mt-4 [&amp;_strong:has(+br)]:inline-block [&amp;_strong:has(+br)]:pb-2\">Titular: <strong>MIMAX LIGHTING SL<\/strong><\/p><\/li><li class=\"py-0 my-0 prose-p:pt-0 prose-p:mb-2 prose-p:my-0 [&amp;&gt;p]:pt-0 [&amp;&gt;p]:mb-2 [&amp;&gt;p]:my-0\"><p class=\"my-2 [&amp;+p]:mt-4 [&amp;_strong:has(+br)]:inline-block [&amp;_strong:has(+br)]:pb-2\">CIF: <strong>B65044661<\/strong><\/p><\/li><li class=\"py-0 my-0 prose-p:pt-0 prose-p:mb-2 prose-p:my-0 [&amp;&gt;p]:pt-0 [&amp;&gt;p]:mb-2 [&amp;&gt;p]:my-0\"><p class=\"my-2 [&amp;+p]:mt-4 [&amp;_strong:has(+br)]:inline-block [&amp;_strong:has(+br)]:pb-2\">Domicilio social: <strong>Gran bretanya 43 Igualada (08700), Barcelona,, Espa\u00f1a<\/strong><\/p><\/li><li class=\"py-0 my-0 prose-p:pt-0 prose-p:mb-2 prose-p:my-0 [&amp;&gt;p]:pt-0 [&amp;&gt;p]:mb-2 [&amp;&gt;p]:my-0\"><p class=\"my-2 [&amp;+p]:mt-4 [&amp;_strong:has(+br)]:inline-block [&amp;_strong:has(+br)]:pb-2\">Correo electr\u00f3nico: <strong><a class=\"reset interactable cursor-pointer decoration-1 underline-offset-1 text-super hover:underline font-semibold\" href=\"mailto:b2b@mimaxlighting.com\" target=\"_blank\" rel=\"nofollow noopener\"><span class=\"text-box-trim-both\">b2b@mimaxlighting.com<\/span><\/a><\/strong><\/p><\/li><li class=\"py-0 my-0 prose-p:pt-0 prose-p:mb-2 prose-p:my-0 [&amp;&gt;p]:pt-0 [&amp;&gt;p]:mb-2 [&amp;&gt;p]:my-0\"><p class=\"my-2 [&amp;+p]:mt-4 [&amp;_strong:has(+br)]:inline-block [&amp;_strong:has(+br)]:pb-2\">Tel\u00e9fono: <strong>+34 938 044 621<\/strong><\/p><\/li><li class=\"py-0 my-0 prose-p:pt-0 prose-p:mb-2 prose-p:my-0 [&amp;&gt;p]:pt-0 [&amp;&gt;p]:mb-2 [&amp;&gt;p]:my-0\"><p class=\"my-2 [&amp;+p]:mt-4 [&amp;_strong:has(+br)]:inline-block [&amp;_strong:has(+br)]:pb-2\">Sitio web: <strong>mimaxlighting.com<\/strong><\/p><\/li><\/ul><p class=\"my-2 [&amp;+p]:mt-4 [&amp;_strong:has(+br)]:inline-block [&amp;_strong:has(+br)]:pb-2\">Salvo indicaci\u00f3n expresa en contrario, todos los datos que se soliciten a trav\u00e9s del sitio web son obligatorios; la negativa a proporcionarlos puede impedir la prestaci\u00f3n correcta de los servicios.<\/p><hr class=\"bg-subtle h-px border-0\" \/><h2 id=\"2-objeto-del-sitio-web\" class=\"mb-2 mt-4 [.has-inline-images_&amp;]:clear-end font-editorial font-bold text-lg first:mt-0 md:text-lg [hr+&amp;]:mt-4\">2. Objeto del sitio web<\/h2><p class=\"my-2 [&amp;+p]:mt-4 [&amp;_strong:has(+br)]:inline-block [&amp;_strong:has(+br)]:pb-2\">El presente sitio web tiene por objeto la venta online de productos de comercio electr\u00f3nico (por ejemplo, ropa, accesorios, productos de hogar, etc.) y la oferta de informaci\u00f3n relacionada con dichos productos, condiciones de compra y servicios asociados.<\/p><p class=\"my-2 [&amp;+p]:mt-4 [&amp;_strong:has(+br)]:inline-block [&amp;_strong:has(+br)]:pb-2\">El acceso y\/o uso de este sitio web atribuye la condici\u00f3n de usuario, que acepta, desde dicho acceso y\/o uso, las presentes condiciones generales de uso reflejadas en este Aviso Legal.<\/p><hr class=\"bg-subtle h-px border-0\" \/><h2 id=\"3-condiciones-de-uso\" class=\"mb-2 mt-4 [.has-inline-images_&amp;]:clear-end font-editorial font-bold text-lg first:mt-0 md:text-lg [hr+&amp;]:mt-4\">3. Condiciones de uso<\/h2><p class=\"my-2 [&amp;+p]:mt-4 [&amp;_strong:has(+br)]:inline-block [&amp;_strong:has(+br)]:pb-2\">El usuario se compromete a:<\/p><ul class=\"marker:text-quiet list-disc\"><li class=\"py-0 my-0 prose-p:pt-0 prose-p:mb-2 prose-p:my-0 [&amp;&gt;p]:pt-0 [&amp;&gt;p]:mb-2 [&amp;&gt;p]:my-0\"><p class=\"my-2 [&amp;+p]:mt-4 [&amp;_strong:has(+br)]:inline-block [&amp;_strong:has(+br)]:pb-2\">Utilizar el sitio web y sus contenidos de forma diligente, correcta y l\u00edcita.<\/p><\/li><li class=\"py-0 my-0 prose-p:pt-0 prose-p:mb-2 prose-p:my-0 [&amp;&gt;p]:pt-0 [&amp;&gt;p]:mb-2 [&amp;&gt;p]:my-0\"><p class=\"my-2 [&amp;+p]:mt-4 [&amp;_strong:has(+br)]:inline-block [&amp;_strong:has(+br)]:pb-2\">No utilizar los contenidos con fines o efectos contrarios a la ley, la moral, el orden p\u00fablico o las presentes condiciones.<\/p><\/li><li class=\"py-0 my-0 prose-p:pt-0 prose-p:mb-2 prose-p:my-0 [&amp;&gt;p]:pt-0 [&amp;&gt;p]:mb-2 [&amp;&gt;p]:my-0\"><p class=\"my-2 [&amp;+p]:mt-4 [&amp;_strong:has(+br)]:inline-block [&amp;_strong:has(+br)]:pb-2\">No reproducir, distribuir, transformar o modificar los contenidos del sitio web salvo autorizaci\u00f3n del titular o cuando est\u00e9 legalmente permitido.<\/p><\/li><li class=\"py-0 my-0 prose-p:pt-0 prose-p:mb-2 prose-p:my-0 [&amp;&gt;p]:pt-0 [&amp;&gt;p]:mb-2 [&amp;&gt;p]:my-0\"><p class=\"my-2 [&amp;+p]:mt-4 [&amp;_strong:has(+br)]:inline-block [&amp;_strong:has(+br)]:pb-2\">No introducir o difundir en la red virus inform\u00e1ticos o cualesquiera otros sistemas f\u00edsicos o l\u00f3gicos susceptibles de provocar da\u00f1os en los sistemas del titular o de terceros.<\/p><\/li><\/ul><p class=\"my-2 [&amp;+p]:mt-4 [&amp;_strong:has(+br)]:inline-block [&amp;_strong:has(+br)]:pb-2\">El titular se reserva el derecho a retirar todos aquellos comentarios y aportaciones que vulneren el respeto a la dignidad de la persona, que sean discriminatorios, xen\u00f3fobos, racistas, pornogr\u00e1ficos, que atenten contra la juventud o la infancia, el orden o la seguridad p\u00fablica o que, a su juicio, no resulten adecuados para su publicaci\u00f3n.<\/p><hr class=\"bg-subtle h-px border-0\" \/><h2 id=\"4-responsabilidad\" class=\"mb-2 mt-4 [.has-inline-images_&amp;]:clear-end font-editorial font-bold text-lg first:mt-0 md:text-lg [hr+&amp;]:mt-4\">4. Responsabilidad<\/h2><p class=\"my-2 [&amp;+p]:mt-4 [&amp;_strong:has(+br)]:inline-block [&amp;_strong:has(+br)]:pb-2\">El titular no se hace responsable de:<\/p><ul class=\"marker:text-quiet list-disc\"><li class=\"py-0 my-0 prose-p:pt-0 prose-p:mb-2 prose-p:my-0 [&amp;&gt;p]:pt-0 [&amp;&gt;p]:mb-2 [&amp;&gt;p]:my-0\"><p class=\"my-2 [&amp;+p]:mt-4 [&amp;_strong:has(+br)]:inline-block [&amp;_strong:has(+br)]:pb-2\">La continuidad, disponibilidad y utilidad del sitio web, ni de la ausencia de errores en el acceso al mismo.<\/p><\/li><li class=\"py-0 my-0 prose-p:pt-0 prose-p:mb-2 prose-p:my-0 [&amp;&gt;p]:pt-0 [&amp;&gt;p]:mb-2 [&amp;&gt;p]:my-0\"><p class=\"my-2 [&amp;+p]:mt-4 [&amp;_strong:has(+br)]:inline-block [&amp;_strong:has(+br)]:pb-2\">Los da\u00f1os y perjuicios de cualquier naturaleza que pudieran derivarse de la utilizaci\u00f3n de la informaci\u00f3n, contenidos y servicios del sitio web por parte del usuario.<\/p><\/li><li class=\"py-0 my-0 prose-p:pt-0 prose-p:mb-2 prose-p:my-0 [&amp;&gt;p]:pt-0 [&amp;&gt;p]:mb-2 [&amp;&gt;p]:my-0\"><p class=\"my-2 [&amp;+p]:mt-4 [&amp;_strong:has(+br)]:inline-block [&amp;_strong:has(+br)]:pb-2\">La presencia de virus o programas maliciosos o lesivos en los contenidos, si bien se adoptan medidas de seguridad razonables para evitarlos.<\/p><\/li><li class=\"py-0 my-0 prose-p:pt-0 prose-p:mb-2 prose-p:my-0 [&amp;&gt;p]:pt-0 [&amp;&gt;p]:mb-2 [&amp;&gt;p]:my-0\"><p class=\"my-2 [&amp;+p]:mt-4 [&amp;_strong:has(+br)]:inline-block [&amp;_strong:has(+br)]:pb-2\">Los enlaces o contenidos de terceros que puedan redirigir a otros sitios web, sobre los que no se tiene control ni responsabilidad.<\/p><\/li><\/ul><p class=\"my-2 [&amp;+p]:mt-4 [&amp;_strong:has(+br)]:inline-block [&amp;_strong:has(+br)]:pb-2\">El usuario ser\u00e1 el \u00fanico responsable de la veracidad y exactitud de los datos que proporcione a trav\u00e9s de este sitio web, as\u00ed como de los usos que haga del mismo.<\/p><hr class=\"bg-subtle h-px border-0\" \/><h2 id=\"5-propiedad-intelectual-e-industrial\" class=\"mb-2 mt-4 [.has-inline-images_&amp;]:clear-end font-editorial font-bold text-lg first:mt-0 md:text-lg [hr+&amp;]:mt-4\">5. Propiedad intelectual e industrial<\/h2><p class=\"my-2 [&amp;+p]:mt-4 [&amp;_strong:has(+br)]:inline-block [&amp;_strong:has(+br)]:pb-2\">Todos los contenidos del sitio web (a t\u00edtulo enunciativo, textos, fotograf\u00edas, gr\u00e1ficos, im\u00e1genes, iconos, tecnolog\u00eda, software, as\u00ed como su dise\u00f1o gr\u00e1fico y c\u00f3digos fuente), as\u00ed como las marcas, nombres comerciales o signos distintivos, son propiedad del titular o de terceros que han autorizado su uso, y est\u00e1n protegidos por la normativa nacional e internacional de propiedad intelectual e industrial.<\/p><p class=\"my-2 [&amp;+p]:mt-4 [&amp;_strong:has(+br)]:inline-block [&amp;_strong:has(+br)]:pb-2\">Queda estrictamente prohibida la reproducci\u00f3n, distribuci\u00f3n, comunicaci\u00f3n p\u00fablica, transformaci\u00f3n o cualquier otra forma de explotaci\u00f3n, total o parcial, de dichos contenidos sin autorizaci\u00f3n previa y expresa del titular, salvo en los casos en que est\u00e9 legalmente permitido.<\/p><p class=\"my-2 [&amp;+p]:mt-4 [&amp;_strong:has(+br)]:inline-block [&amp;_strong:has(+br)]:pb-2\">El usuario se compromete a respetar los derechos de propiedad intelectual e industrial titularidad de Comercio Online Ejemplo, S.L. Podr\u00e1 visualizar los elementos del sitio web e incluso imprimirlos, copiarlos y almacenarlos en el disco duro de su ordenador o en cualquier otro soporte f\u00edsico, siempre y cuando sea, \u00fanica y exclusivamente, para su uso personal y privado.<\/p><hr class=\"bg-subtle h-px border-0\" \/><h2 id=\"6-enlaces-links\" class=\"mb-2 mt-4 [.has-inline-images_&amp;]:clear-end font-editorial font-bold text-lg first:mt-0 md:text-lg [hr+&amp;]:mt-4\">6. Enlaces (links)<\/h2><p class=\"my-2 [&amp;+p]:mt-4 [&amp;_strong:has(+br)]:inline-block [&amp;_strong:has(+br)]:pb-2\">El sitio web puede poner a disposici\u00f3n del usuario dispositivos t\u00e9cnicos de enlace (links, banners, botones, etc.), directorios y herramientas de b\u00fasqueda que permiten acceder a sitios web pertenecientes y\/o gestionados por terceros.<\/p><p class=\"my-2 [&amp;+p]:mt-4 [&amp;_strong:has(+br)]:inline-block [&amp;_strong:has(+br)]:pb-2\">La instalaci\u00f3n de estos enlaces tiene por \u00fanico objeto facilitar al usuario la b\u00fasqueda y acceso a la informaci\u00f3n disponible en Internet, sin que ello implique necesariamente la existencia de relaci\u00f3n comercial o cualquier tipo de asociaci\u00f3n entre Comercio Online Ejemplo, S.L. y los titulares de los sitios enlazados.<\/p><p class=\"my-2 [&amp;+p]:mt-4 [&amp;_strong:has(+br)]:inline-block [&amp;_strong:has(+br)]:pb-2\">El titular no asume ning\u00fan tipo de responsabilidad sobre los contenidos, informaci\u00f3n o servicios que pudieran aparecer en dichos sitios de terceros, que tendr\u00e1n exclusivamente car\u00e1cter informativo y que en ning\u00fan caso implican relaci\u00f3n, aprobaci\u00f3n o respaldo entre el titular y las personas o entidades titulares de los contenidos o de los sitios donde se encuentren.<\/p><hr class=\"bg-subtle h-px border-0\" \/><h2 id=\"7-poltica-de-privacidad-y-cookies\" class=\"mb-2 mt-4 [.has-inline-images_&amp;]:clear-end font-editorial font-bold text-lg first:mt-0 md:text-lg [hr+&amp;]:mt-4\">7. Pol\u00edtica de privacidad y cookies<\/h2><p class=\"my-2 [&amp;+p]:mt-4 [&amp;_strong:has(+br)]:inline-block [&amp;_strong:has(+br)]:pb-2\">La recogida y tratamiento de los datos personales de los usuarios, as\u00ed como el uso de cookies y tecnolog\u00edas similares, se rige por lo establecido en la\u00a0<strong>Pol\u00edtica de Privacidad<\/strong>\u00a0y en la\u00a0<strong>Pol\u00edtica de Cookies<\/strong>\u00a0del sitio web, que forman parte integrante del presente Aviso Legal.<\/p><p class=\"my-2 [&amp;+p]:mt-4 [&amp;_strong:has(+br)]:inline-block [&amp;_strong:has(+br)]:pb-2\">Se recomienda al usuario que las consulte peri\u00f3dicamente para conocer posibles actualizaciones.<\/p><hr class=\"bg-subtle h-px border-0\" \/><h2 id=\"8-condiciones-de-contratacin\" class=\"mb-2 mt-4 [.has-inline-images_&amp;]:clear-end font-editorial font-bold text-lg first:mt-0 md:text-lg [hr+&amp;]:mt-4\">8. Condiciones de contrataci\u00f3n<\/h2><p class=\"my-2 [&amp;+p]:mt-4 [&amp;_strong:has(+br)]:inline-block [&amp;_strong:has(+br)]:pb-2\">En caso de que se realicen compras a trav\u00e9s del sitio web, las\u00a0<strong>Condiciones Generales de Contrataci\u00f3n<\/strong>\u00a0regular\u00e1n la relaci\u00f3n entre el usuario y Comercio Online Ejemplo, S.L. en relaci\u00f3n con la compra de los productos ofrecidos.<\/p><p class=\"my-2 [&amp;+p]:mt-4 [&amp;_strong:has(+br)]:inline-block [&amp;_strong:has(+br)]:pb-2\">Estas condiciones estar\u00e1n disponibles en una secci\u00f3n espec\u00edfica del sitio web y deber\u00e1n ser aceptadas por el usuario antes de formalizar cualquier pedido.<\/p><hr class=\"bg-subtle h-px border-0\" \/><h2 id=\"9-legislacin-aplicable-y-jurisdiccin\" class=\"mb-2 mt-4 [.has-inline-images_&amp;]:clear-end font-editorial font-bold text-lg first:mt-0 md:text-lg [hr+&amp;]:mt-4\">9. Legislaci\u00f3n aplicable y jurisdicci\u00f3n<\/h2><p class=\"my-2 [&amp;+p]:mt-4 [&amp;_strong:has(+br)]:inline-block [&amp;_strong:has(+br)]:pb-2\">El presente Aviso Legal se rige por la legislaci\u00f3n espa\u00f1ola. Para la resoluci\u00f3n de cualquier conflicto o cuesti\u00f3n relacionada con este sitio web o las actividades desarrolladas en el mismo, las partes se someten expresamente a los Juzgados y Tribunales de la ciudad de\u00a0<strong>Barcelona<\/strong>, con renuncia a cualquier otro fuero que pudiera corresponderles, salvo que la normativa en materia de consumidores y usuarios establezca otro fuero imperativo.<\/p><hr class=\"bg-subtle h-px border-0\" \/><h2 id=\"10-modificacin-del-aviso-legal\" class=\"mb-2 mt-4 [.has-inline-images_&amp;]:clear-end font-editorial font-bold text-lg first:mt-0 md:text-lg [hr+&amp;]:mt-4\">10. Modificaci\u00f3n del Aviso Legal<\/h2><p class=\"my-2 [&amp;+p]:mt-4 [&amp;_strong:has(+br)]:inline-block [&amp;_strong:has(+br)]:pb-2\">Comercio Online Ejemplo, S.L. se reserva el derecho a modificar, en cualquier momento y sin necesidad de previo aviso, el contenido del presente Aviso Legal, as\u00ed como las condiciones de uso del sitio web. Tales modificaciones ser\u00e1n v\u00e1lidas desde su publicaci\u00f3n en el sitio web.<\/p><p class=\"my-2 [&amp;+p]:mt-4 [&amp;_strong:has(+br)]:inline-block [&amp;_strong:has(+br)]:pb-2\">Se recomienda al usuario revisar peri\u00f3dicamente este Aviso Legal para conocer los t\u00e9rminos vigentes en cada momento.<\/p><hr class=\"bg-subtle h-px border-0\" \/><p class=\"my-2 [&amp;+p]:mt-4 [&amp;_strong:has(+br)]:inline-block [&amp;_strong:has(+br)]:pb-2\"><strong>\u00daltima actualizaci\u00f3n:<\/strong>\u00a0febrero de 2026.<\/p><p class=\"my-2 [&amp;+p]:mt-4 [&amp;_strong:has(+br)]:inline-block [&amp;_strong:has(+br)]:pb-2\">\u00a0<\/p><\/div>\n<\/div><\/div>\n<\/section>","protected":false},"excerpt":{"rendered":"<p>Legal Notice 1. Identidad del responsableEn cumplimiento con el deber de informaci\u00f3n recogido en la Ley 34\/2002, de 11 de julio, de Servicios de la Sociedad de la Informaci\u00f3n y del Comercio Electr\u00f3nico (LSSI-CE), se facilitan a continuaci\u00f3n los datos de informaci\u00f3n general de este sitio web:Titular: MIMAX LIGHTING SLCIF: B65044661Domicilio social: Gran bretanya 43 [&hellip;]<\/p>\n","protected":false},"author":1,"featured_media":0,"parent":0,"menu_order":0,"comment_status":"closed","ping_status":"closed","template":"","meta":{"_acf_changed":false,"_breakdance_hide_in_design_set":false,"_breakdance_tags":"","footnotes":""},"class_list":["post-37457","page","type-page","status-publish","hentry"],"acf":[],"_links":{"self":[{"href":"https:\/\/mimaxlighting.com\/en\/wp-json\/wp\/v2\/pages\/37457","targetHints":{"allow":["GET"]}}],"collection":[{"href":"https:\/\/mimaxlighting.com\/en\/wp-json\/wp\/v2\/pages"}],"about":[{"href":"https:\/\/mimaxlighting.com\/en\/wp-json\/wp\/v2\/types\/page"}],"author":[{"embeddable":true,"href":"https:\/\/mimaxlighting.com\/en\/wp-json\/wp\/v2\/users\/1"}],"replies":[{"embeddable":true,"href":"https:\/\/mimaxlighting.com\/en\/wp-json\/wp\/v2\/comments?post=37457"}],"version-history":[{"count":1,"href":"https:\/\/mimaxlighting.com\/en\/wp-json\/wp\/v2\/pages\/37457\/revisions"}],"predecessor-version":[{"id":37458,"href":"https:\/\/mimaxlighting.com\/en\/wp-json\/wp\/v2\/pages\/37457\/revisions\/37458"}],"wp:attachment":[{"href":"https:\/\/mimaxlighting.com\/en\/wp-json\/wp\/v2\/media?parent=37457"}],"curies":[{"name":"wp","href":"https:\/\/api.w.org\/{rel}","templated":true}]}}