{"id":37556,"date":"2026-02-07T18:48:44","date_gmt":"2026-02-07T17:48:44","guid":{"rendered":"https:\/\/mimaxlighting.com\/?page_id=37556"},"modified":"2026-03-24T10:14:41","modified_gmt":"2026-03-24T09:14:41","slug":"inici","status":"publish","type":"page","link":"https:\/\/mimaxlighting.com\/ca\/","title":{"rendered":"Inici"},"content":{"rendered":"<section class=\"bde-section-37556-196 bde-section\">\n  \n  \n\t\n\n\n\n<div class=\"section-container\"><div class=\"bde-advancedslider-37556-197 bde-advancedslider\">\n<div class=\"breakdance-swiper-wrapper\" data-swiper-id=\"197\">\n  <div class=\"swiper\">\n    <div class=\"swiper-wrapper\">\n      <div class=\"bde-advancedslide-37556-198 bde-advancedslide swiper-slide\"><div class=\"advanced-slider__slide\">\r\n  <h2 class=\"bde-heading-37556-199 bde-heading\">\nAre you a Lighting Fan?\n<\/h2><div class=\"bde-button-37556-200 bde-button\">\n    \n                        \n                        \n    \n    \n    \n    \n            \n                    \n            \n            \n\n    \n    \n    \n    \n    \n    <a class=\"breakdance-link button-atom button-atom--custom bde-button__button\" href=\"\/categoria-producto\/lights\/\" target=\"_self\" data-type=\"url\"  >\n\n    \n        <span class=\"button-atom__text\">Veure col\u00b7lecci\u00f3<\/span>\n\n        \n        \n                <\/a>\n\n    \n\n\n<\/div>\r\n<\/div><\/div><div class=\"bde-advancedslide-37556-201 bde-advancedslide swiper-slide\"><div class=\"advanced-slider__slide\">\r\n  <h2 class=\"bde-heading-37556-202 bde-heading\">\nAre you a Lighting Fan?\n<\/h2><div class=\"bde-button-37556-203 bde-button\">\n    \n                        \n                        \n    \n    \n    \n    \n            \n                    \n            \n            \n\n    \n    \n    \n    \n    \n    <a class=\"breakdance-link button-atom button-atom--custom bde-button__button\" href=\"\/categoria-producto\/fans\/\" target=\"_self\" data-type=\"url\"  >\n\n    \n        <span class=\"button-atom__text\">Veure col\u00b7lecci\u00f3<\/span>\n\n        \n        \n                <\/a>\n\n    \n\n\n<\/div>\r\n<\/div><\/div>\n    <\/div>\n  <\/div>\n\n              <div class=\"swiper-button-prev\">\n            \n        <\/div>\n        <div class=\"swiper-button-next\">\n            \n        <\/div>\n    \n            <div class=\"swiper-pagination\"><\/div>\n    \n<\/div>\n\n<\/div><\/div>\n<\/section><section class=\"bde-section-37556-204 bde-section\">\n  \n  \n\t\n\n\n\n<div class=\"section-container\"><div class=\"bde-div-37556-205 bde-div\">\n  \n  \n\t\n\n\n\n<div class=\"bde-icon-box-37556-206 bde-icon-box\">\n\n    \n            <div class=\"ee-iconbox-icon breakdance-icon-atom\" >\n    \n                    <svg xmlns=\"http:\/\/www.w3.org\/2000\/svg\" viewBox=\"0 0 384 512\"><!--! Font Awesome Free 6.5.1 by @fontawesome - https:\/\/fontawesome.com License - https:\/\/fontawesome.com\/license\/free (Icons: CC BY 4.0, Fonts: SIL OFL 1.1, Code: MIT License) Copyright 2023 Fonticons, Inc. --><path d=\"M272 384c9.6-31.9 29.5-59.1 49.2-86.2l0 0c5.2-7.1 10.4-14.2 15.4-21.4c19.8-28.5 31.4-63 31.4-100.3C368 78.8 289.2 0 192 0S16 78.8 16 176c0 37.3 11.6 71.9 31.4 100.3c5 7.2 10.2 14.3 15.4 21.4l0 0c19.8 27.1 39.7 54.4 49.2 86.2H272zM192 512c44.2 0 80-35.8 80-80V416H112v16c0 44.2 35.8 80 80 80zM112 176c0 8.8-7.2 16-16 16s-16-7.2-16-16c0-61.9 50.1-112 112-112c8.8 0 16 7.2 16 16s-7.2 16-16 16c-44.2 0-80 35.8-80 80z\"\/><\/svg>\n        \n        \n        \n            <\/div>\n    \n\n<div class=\"ee-iconbox-content\">\n      <h3 class=\"ee-iconbox-title bde-h3\" >theLIGHTS<\/h3>\n        <div class=\"ee-iconbox-text\" >Col\u00b7lecci\u00f3 d'il\u00b7luminaci\u00f3 decorativa i t\u00e8cnica amb focus al concepte Made in Europe. Apostem per productes d'il\u00b7luminaci\u00f3 d'alta gamma, on el client que busca alt disseny i qualitat contrastada trobar\u00e0 la seva elecci\u00f3 sempre a preu mesurat i just. Esmero en el disseny i els detalls, especialment els acabats. L'alta qualitat i el disseny d'avantguarda no han de ser cars<\/div>\n            \n                        \n                        \n    \n    \n    \n    \n            \n                    \n            \n            \n\n    \n    \n    \n    \n    \n    <a class=\"breakdance-link button-atom button-atom--secondary ee-iconbox-button\" href=\"\/categoria-producto\/lights\/\" target=\"_self\" data-type=\"url\"  >\n\n    \n        <span class=\"button-atom__text\">Veure col\u00b7lecci\u00f3<\/span>\n\n        \n        \n                <\/a>\n\n    \n\n  <\/div>\n\n<\/div><div class=\"bde-icon-box-37556-207 bde-icon-box\">\n\n    \n            <div class=\"ee-iconbox-icon breakdance-icon-atom\" >\n    \n                    <svg xmlns=\"http:\/\/www.w3.org\/2000\/svg\" viewBox=\"0 0 512 512\"><!--! Font Awesome Free 6.5.1 by @fontawesome - https:\/\/fontawesome.com License - https:\/\/fontawesome.com\/license\/free (Icons: CC BY 4.0, Fonts: SIL OFL 1.1, Code: MIT License) Copyright 2023 Fonticons, Inc. --><path d=\"M288 32c0 17.7 14.3 32 32 32h32c17.7 0 32 14.3 32 32s-14.3 32-32 32H32c-17.7 0-32 14.3-32 32s14.3 32 32 32H352c53 0 96-43 96-96s-43-96-96-96H320c-17.7 0-32 14.3-32 32zm64 352c0 17.7 14.3 32 32 32h32c53 0 96-43 96-96s-43-96-96-96H32c-17.7 0-32 14.3-32 32s14.3 32 32 32H416c17.7 0 32 14.3 32 32s-14.3 32-32 32H384c-17.7 0-32 14.3-32 32zM128 512h32c53 0 96-43 96-96s-43-96-96-96H32c-17.7 0-32 14.3-32 32s14.3 32 32 32H160c17.7 0 32 14.3 32 32s-14.3 32-32 32H128c-17.7 0-32 14.3-32 32s14.3 32 32 32z\"\/><\/svg>\n        \n        \n        \n            <\/div>\n    \n\n<div class=\"ee-iconbox-content\">\n      <h3 class=\"ee-iconbox-title bde-h3\" >theFANS<\/h3>\n        <div class=\"ee-iconbox-text\" >Com a fabricant l\u00edder del ventilador de sostre, oferim ventiladors de sostre amb llum i ventiladors de sostre sense llum en tots els materials possibles, primant el funcionament eficient, ecol\u00f2gic, potent i silenci\u00f3s dels mateixos, aix\u00ed com una qualitat, fiabilitat i durabilitat garantides pel l\u00edder del sector. Els nostres productes respecten el medi ambient i contribueixen al benestar hum\u00e0<\/div>\n            \n                        \n                        \n    \n    \n    \n    \n            \n                    \n            \n            \n\n    \n    \n    \n    \n    \n    <a class=\"breakdance-link button-atom button-atom--secondary ee-iconbox-button\" href=\"\/categoria-producto\/fans\/\" target=\"_self\" data-type=\"url\"  >\n\n    \n        <span class=\"button-atom__text\">Ver colecci\u00f3n<\/span>\n\n        \n        \n                <\/a>\n\n    \n\n  <\/div>\n\n<\/div>\n<\/div><\/div>\n<\/section><section class=\"bde-section-37556-209 bde-section\">\n  \n  \n\t\n\n\n\n<div class=\"section-container\"><div class=\"bde-columns-37556-210 bde-columns\"><div class=\"bde-column-37556-211 bde-column\">\n  \n  \n\t\n\n\n\n<img decoding=\"async\" class=\"bde-image2-37556-212 bde-image2\" src=\"https:\/\/mimaxlighting.com\/wp-content\/uploads\/2026\/03\/theLights_2026.webp\" loading=\"lazy\" sizes=\"(max-width: 843px) 100vw, 843px\">\n<\/div><div class=\"bde-column-37556-213 bde-column\">\n  \n  \n\t\n\n\n\n<div class=\"bde-div-37556-214 bde-div\">\n  \n  \n\t\n\n\n\n<div class=\"bde-text-37556-215 bde-text\">\nAre you a Lighting Fan?\n<\/div><img decoding=\"async\" class=\"bde-image2-37556-216 bde-image2\" src=\"https:\/\/mimaxlighting.com\/wp-content\/uploads\/2023\/01\/LogoMimaxNegre.svg\" loading=\"lazy\"><div class=\"bde-rich-text-37556-217 bde-rich-text breakdance-rich-text-styles\">\n<div class=\"et_pb_column et_pb_column_1_3 et_pb_column_3_tb_body  et_pb_css_mix_blend_mode_passthrough\"><div class=\"et_pb_module et_pb_text et_pb_text_1_tb_body  et_pb_text_align_left et_pb_bg_layout_light\"><div class=\"et_pb_text_inner\"><div class=\"et_pb_column et_pb_column_1_3 et_pb_column_3_tb_body  et_pb_css_mix_blend_mode_passthrough\"><div class=\"et_pb_module et_pb_text et_pb_text_1_tb_body  et_pb_text_align_left et_pb_bg_layout_light\"><div class=\"et_pb_text_inner\"><p>Mimax neix el 2008 fruit de la il.lusi\u00f3 d\u2019iniciar un projecte en la ind\u00fastria de la il.luminaci\u00f3, suministrant al client productes eficients, funcionals i est\u00e8tics que no renuncien a un preu just i a un servei al client post-venda proper i resolutiu.<\/p><p>El projecte, com no podia ser d\u2019altra manera, neix petit i humil. Avui, 15 anys despr\u00e9s, el projecte ja no \u00e9s petit, per\u00f2 continuem amb la humilitat i il.lusi\u00f3 del primer dia.<\/p><\/div><\/div><\/div><div class=\"et_pb_column et_pb_column_1_3 et_pb_column_4_tb_body  et_pb_css_mix_blend_mode_passthrough\"><div class=\"et_pb_module et_pb_text et_pb_text_2_tb_body  et_pb_text_align_left et_pb_bg_layout_light\"><div class=\"et_pb_text_inner\"><p>Actualment oferim m\u00e9s de 2.500 productes d\u2019il.luminaci\u00f3 decorativa i t\u00e8cnica, tant d\u2019interior com d\u2019exterior, aix\u00ed com una de les millors col.leccions existents al mercat de ventiladors de sostre, amb llum i sense ella.<\/p><p>Estem presents a m\u00e9s de 20 pa\u00efsos a tot el m\u00f3n, amb vocaci\u00f3 clara de donar servei tant al mercat nacional com als d\u2019exportaci\u00f3 i continuem expandint-nos.<\/p><\/div><\/div><\/div><div class=\"et_pb_column et_pb_column_1_3 et_pb_column_5_tb_body  et_pb_css_mix_blend_mode_passthrough et-last-child\"><div class=\"et_pb_module et_pb_text et_pb_text_3_tb_body  et_pb_text_align_left et_pb_bg_layout_light\"><div class=\"et_pb_text_inner\"><p>Exercim conven\u00e7udament la nostra vocaci\u00f3 d\u2019excel\u00e8ncia en el servei, pulcritud en la qualitat dels productes, posem de deb\u00f3 el client en el centre del nostre projecte, i seguim creixent amb la inestimable ajuda dels nostres clients, dissenyadors, treballadors i col.laboradors externs.<\/p><\/div><\/div><\/div><\/div><\/div><\/div>\n<\/div><div class=\"bde-button-37556-218 bde-button\">\n    \n                        \n                        \n    \n    \n    \n    \n            \n                    \n            \n            \n\n    \n    \n    \n    \n    \n    <a class=\"breakdance-link button-atom button-atom--secondary bde-button__button\" href=\"https:\/\/mimaxlighting.com\/quienes-somos\/\" target=\"_self\" data-type=\"url\"  >\n\n    \n        <span class=\"button-atom__text\">Coneixe'ns<\/span>\n\n        \n        \n                <\/a>\n\n    \n\n\n<\/div>\n<\/div>\n<\/div><\/div><\/div>\n<\/section>","protected":false},"excerpt":{"rendered":"<p>Are you a Lighting Fan? Veure col\u00b7lecci\u00f3 Are you a Lighting Fan? Veure col\u00b7lecci\u00f3 theLIGHTS Col\u00b7lecci\u00f3 d&#8217;il\u00b7luminaci\u00f3 decorativa i t\u00e8cnica amb focus al concepte Made in Europe. Apostem per productes d&#8217;il\u00b7luminaci\u00f3 d&#8217;alta gamma, on el client que busca alt disseny i qualitat contrastada trobar\u00e0 la seva elecci\u00f3 sempre a preu mesurat i just. Esmero en [&hellip;]<\/p>\n","protected":false},"author":1,"featured_media":0,"parent":0,"menu_order":0,"comment_status":"closed","ping_status":"closed","template":"","meta":{"_acf_changed":false,"_breakdance_hide_in_design_set":false,"_breakdance_tags":"","footnotes":""},"class_list":["post-37556","page","type-page","status-publish","hentry"],"acf":[],"_links":{"self":[{"href":"https:\/\/mimaxlighting.com\/ca\/wp-json\/wp\/v2\/pages\/37556","targetHints":{"allow":["GET"]}}],"collection":[{"href":"https:\/\/mimaxlighting.com\/ca\/wp-json\/wp\/v2\/pages"}],"about":[{"href":"https:\/\/mimaxlighting.com\/ca\/wp-json\/wp\/v2\/types\/page"}],"author":[{"embeddable":true,"href":"https:\/\/mimaxlighting.com\/ca\/wp-json\/wp\/v2\/users\/1"}],"replies":[{"embeddable":true,"href":"https:\/\/mimaxlighting.com\/ca\/wp-json\/wp\/v2\/comments?post=37556"}],"version-history":[{"count":5,"href":"https:\/\/mimaxlighting.com\/ca\/wp-json\/wp\/v2\/pages\/37556\/revisions"}],"predecessor-version":[{"id":48790,"href":"https:\/\/mimaxlighting.com\/ca\/wp-json\/wp\/v2\/pages\/37556\/revisions\/48790"}],"wp:attachment":[{"href":"https:\/\/mimaxlighting.com\/ca\/wp-json\/wp\/v2\/media?parent=37556"}],"curies":[{"name":"wp","href":"https:\/\/api.w.org\/{rel}","templated":true}]}}