{"id":37475,"date":"2026-02-07T18:48:42","date_gmt":"2026-02-07T17:48:42","guid":{"rendered":"https:\/\/mimaxlighting.com\/?page_id=37475"},"modified":"2026-02-22T19:02:07","modified_gmt":"2026-02-22T18:02:07","slug":"contacte","status":"publish","type":"page","link":"https:\/\/mimaxlighting.com\/ca\/contacte\/","title":{"rendered":"Contacte"},"content":{"rendered":"<section class=\"bde-section-37475-124 bde-section\">\n  \n  \n\t\n\n\n\n<div class=\"section-container\"><div class=\"bde-div-37475-125 bde-div\">\n  \n  \n\t\n\n\n\n<h1 class=\"bde-heading-37475-126 bde-heading\">\nContacte\n<\/h1>\n<\/div><\/div>\n<\/section><section class=\"bde-section-37475-135 bde-section\">\n  \n  \n\t\n\n\n\n<div class=\"section-container\"><div class=\"bde-div-37475-136 bde-div\">\n  \n  \n\t\n\n\n\n<h2 class=\"bde-heading-37475-137 bde-heading\">\nFormulari de contacte\n<\/h2>\n<\/div><div class=\"bde-form-builder-37475-138 bde-form-builder\">\n\n<form id=\"contact-form138\" class=\"breakdance-form breakdance-form--vertical\" data-options=\"{&quot;slug&quot;:&quot;custom&quot;,&quot;name&quot;:&quot;Contact Form&quot;,&quot;ajaxUrl&quot;:&quot;https:\\\/\\\/mimaxlighting.com\\\/wp-admin\\\/admin-ajax.php&quot;,&quot;clearOnSuccess&quot;:true,&quot;hideOnSuccess&quot;:false,&quot;successMessage&quot;:&quot;The form was submitted successfully.&quot;,&quot;errorMessage&quot;:&quot;Something went wrong.&quot;,&quot;redirect&quot;:false,&quot;redirectUrl&quot;:&quot;&quot;,&quot;customJavaScript&quot;:&quot;&quot;,&quot;recaptcha&quot;:{&quot;key&quot;:&quot;&quot;,&quot;enabled&quot;:false},&quot;honeypot_enabled&quot;:false,&quot;popupsOnSuccess&quot;:[],&quot;popupsOnError&quot;:[]}\" data-steps=\"0\" >\n  \n  \n  \n<div class=\"breakdance-form-field breakdance-form-field--text\" >\n    \n    \n            <label class=\"breakdance-form-field__label\" for=\"name\">\n            Nombre<span class=\"breakdance-form-field__required\">*<\/span>\n        <\/label>\n    \n    <input\n    class=\"breakdance-form-field__input\"\n    id=\"name\"\n    aria-describedby=\"name\"\n    type=\"text\"\n    name=\"fields[name]\"\n    placeholder=\"Nom\"\n    value=\"\"\n                \n        \n        \n    required\n    \n    \n    \n>\n\n\n    \n    \n<\/div>\n\n\n<div class=\"breakdance-form-field breakdance-form-field--text\" >\n    \n    \n            <label class=\"breakdance-form-field__label\" for=\"bzhhon\">\n            Apellidos<span class=\"breakdance-form-field__required\">*<\/span>\n        <\/label>\n    \n    <input\n    class=\"breakdance-form-field__input\"\n    id=\"bzhhon\"\n    aria-describedby=\"bzhhon\"\n    type=\"text\"\n    name=\"fields[bzhhon]\"\n    placeholder=\"Cognoms\"\n    value=\"\"\n                \n        \n        \n    required\n    \n    \n    \n>\n\n\n    \n    \n<\/div>\n\n\n<div class=\"breakdance-form-field breakdance-form-field--email\" >\n    \n    \n            <label class=\"breakdance-form-field__label\" for=\"email\">\n            Email<span class=\"breakdance-form-field__required\">*<\/span>\n        <\/label>\n    \n    <input\n    class=\"breakdance-form-field__input\"\n    id=\"email\"\n    aria-describedby=\"email\"\n    type=\"email\"\n    name=\"fields[email]\"\n    placeholder=\"Email\"\n    value=\"\"\n                \n        \n        \n    required\n    \n    \n    \n>\n\n\n    \n    \n<\/div>\n\n\n<div class=\"breakdance-form-field breakdance-form-field--text\" >\n    \n    \n            <label class=\"breakdance-form-field__label\" for=\"sjdett\">\n            Tel\u00e9fono<span class=\"breakdance-form-field__required\">*<\/span>\n        <\/label>\n    \n    <input\n    class=\"breakdance-form-field__input\"\n    id=\"sjdett\"\n    aria-describedby=\"sjdett\"\n    type=\"text\"\n    name=\"fields[sjdett]\"\n    placeholder=\"Tel\u00e8fon\"\n    value=\"\"\n                \n        \n        \n    required\n    \n    \n    \n>\n\n\n    \n    \n<\/div>\n\n\n<div class=\"breakdance-form-field breakdance-form-field--textarea\" >\n    \n    \n            <label class=\"breakdance-form-field__label\" for=\"message\">\n            Mensaje<span class=\"breakdance-form-field__required\">*<\/span>\n        <\/label>\n    \n    <textarea\n    class=\"breakdance-form-field__input\"\n    id=\"message\"\n    aria-describedby=\"message\"\n    type=\"textarea\"\n    name=\"fields[message]\"\n        placeholder=\"Mensaje\"\n    required\n    >\n<\/textarea>\n\n\n    \n    \n<\/div>\n\n\n<div class=\"breakdance-form-field breakdance-form-field--checkbox\" >\n    \n    \n    \n    <fieldset role=\"group\"\n    aria-label=\"Accepto la pol\u00edtica privacitat\"\n    >\n       <legend class=\"breakdance-form-field__label\">Accepto la pol\u00edtica privacitat<span class=\"breakdance-form-field__required\">*<\/span><\/legend>\n          <div class=\"breakdance-form-checkbox\">\n          <input\n              type=\"checkbox\"\n              name=\"fields[privacidad]\"\n              value=\"Accepto la pol\u00edtica privacitat\"\n              id=\"privacidad-1\"\n              \n                        >\n          <label class=\"breakdance-form-checkbox__text\" for=\"privacidad-1\">Accepto la pol\u00edtica privacitat<\/label>\n      <\/div>\n  <\/fieldset>\n\n\n\n    \n    \n<\/div>\n\n\n  \n\n<div class=\"breakdance-form-field breakdance-form-footer\">\n    \n    \n                                    \n    \n    \n    \n    \n            \n            <button type=\"submit\" class=\"button-atom button-atom--primary breakdance-form-button breakdance-form-button__submit\"  >\n    \n        <span class=\"button-atom__text\">Enviar missatge<\/span>\n\n        \n        \n            <\/button>\n    \n    <input type=\"hidden\" name=\"form_id\" value=\"138\">\n    <input type=\"hidden\" name=\"post_id\" value=\"37475\">\n<\/div>\n\n  \n<\/form>\n\n\n<\/div><\/div>\n<\/section><section class=\"bde-section-37475-133 bde-section\">\n  \n  \n\t\n\n\n\n<div class=\"section-container\"><div class=\"bde-google-map-37475-134 bde-google-map\">\r\n<iframe width=\"100%\" height=\"100%\" style=\"border:0\" loading=\"lazy\" title=\"Map\" src=\"https:\/\/maps.google.com\/maps?q=MIMAX+LIGHTING%2C+S.L.&t=m&z=16&output=embed&iwloc=near\" allowfullscreen><\/iframe>\n<\/div><\/div>\n<\/section>","protected":false},"excerpt":{"rendered":"<p>Contacte Formulari de contacte Nombre* Apellidos* Email* Tel\u00e9fono* Mensaje* Accepto la pol\u00edtica privacitat* Accepto la pol\u00edtica privacitat Enviar missatge<\/p>\n","protected":false},"author":1,"featured_media":0,"parent":0,"menu_order":0,"comment_status":"closed","ping_status":"closed","template":"","meta":{"_acf_changed":false,"_breakdance_hide_in_design_set":false,"_breakdance_tags":"","footnotes":""},"class_list":["post-37475","page","type-page","status-publish","hentry"],"acf":[],"_links":{"self":[{"href":"https:\/\/mimaxlighting.com\/ca\/wp-json\/wp\/v2\/pages\/37475","targetHints":{"allow":["GET"]}}],"collection":[{"href":"https:\/\/mimaxlighting.com\/ca\/wp-json\/wp\/v2\/pages"}],"about":[{"href":"https:\/\/mimaxlighting.com\/ca\/wp-json\/wp\/v2\/types\/page"}],"author":[{"embeddable":true,"href":"https:\/\/mimaxlighting.com\/ca\/wp-json\/wp\/v2\/users\/1"}],"replies":[{"embeddable":true,"href":"https:\/\/mimaxlighting.com\/ca\/wp-json\/wp\/v2\/comments?post=37475"}],"version-history":[{"count":2,"href":"https:\/\/mimaxlighting.com\/ca\/wp-json\/wp\/v2\/pages\/37475\/revisions"}],"predecessor-version":[{"id":37597,"href":"https:\/\/mimaxlighting.com\/ca\/wp-json\/wp\/v2\/pages\/37475\/revisions\/37597"}],"wp:attachment":[{"href":"https:\/\/mimaxlighting.com\/ca\/wp-json\/wp\/v2\/media?parent=37475"}],"curies":[{"name":"wp","href":"https:\/\/api.w.org\/{rel}","templated":true}]}}